{"id":16,"date":"2023-11-20T10:48:22","date_gmt":"2023-11-20T10:48:22","guid":{"rendered":"https:\/\/intern.heusweiler.de\/?page_id=16"},"modified":"2023-12-13T13:01:31","modified_gmt":"2023-12-13T13:01:31","slug":"home","status":"publish","type":"page","link":"https:\/\/intern.heusweiler.de\/","title":{"rendered":"Home"},"content":{"rendered":"\n<p>Liebe Kolleginnen und Kollegen,<\/p>\n\n\n\n<p>als Besch\u00e4ftigte\/r der Gemeinde Heusweiler werden Sie, gerade zu Beginn Ihrer T\u00e4tigkeit, mit einer Unmenge an Informationen \u00fcberh\u00e4uft.<\/p>\n\n\n\n<p>Dieses Handbuch soll Ihnen den Einstieg erleichtern und auch den etablierten Kolleginnen und Kollegen als Leitfaden dienen.<\/p>\n\n\n\n<p>Da sich gerade der Bereich EDV in stetem Wandel befindet und sich u.U. jeden Tag ein bisschen neu erfindet, sind die Hinweise und Hilfestellungen dieses Leitfadens nicht in Stein gemei\u00dfelt und werden immer wieder aktualisiert. Es wird Ihnen daher an Herz gelegt, in regelm\u00e4\u00dfigen Abst\u00e4nden einen Blick darauf zu werfen.<\/p>\n\n\n\n<p>Weiterhin bitten wir Sie, an diesem Werk aktiv mit zu arbeiten und Neuigkeiten, Fehler und hilfreiche Hinweise an die EDV-Abteilung weiterzugeben.<\/p>\n\n\n\n<p>Sie finden die Datei zu diesem Dokument und weiterf\u00fchrende Beschreibungen und Anleitungen jederzeit im Ordner <a href=\"file:\/\/\/Y:\/Office\/FB%20\u00fcbergreifend\/Allgemeines\/Info%20f\u00fcr%20Mitarbeiter\">Y:\\Office\\FB \u00fcbergreifend\\Allgemeines\\Info f\u00fcr Mitarbeiter<\/a><\/p>\n\n\n<div\n    class=\"betterdocs-blocks betterdocs-searchbox-zczu4a8 betterdocs-search-form-wrapper\">\n    <div class=\"betterdocs-live-search\">\n    \n    <form class=\"betterdocs-searchform betterdocs-advance-searchform\">\n        <div class=\"betterdocs-searchform-input-wrap\">\n            <svg class=\"docs-search-icon\" xmlns=\"http:\/\/www.w3.org\/2000\/svg\" xmlns:xlink=\"http:\/\/www.w3.org\/1999\/xlink\" width=\"38px\" viewBox=\"0 0 50 50\" version=\"1.1\">\n                <g id=\"surface1\">\n                    <path d=\"M 21 3 C 11.601563 3 4 10.601563 4 20 C 4 29.398438 11.601563 37 21 37 C 24.355469 37 27.460938 36.015625 30.09375 34.34375 L 42.375 46.625 L 46.625 42.375 L 34.5 30.28125 C 36.679688 27.421875 38 23.878906 38 20 C 38 10.601563 30.398438 3 21 3 Z M 21 7 C 28.199219 7 34 12.800781 34 20 C 34 27.199219 28.199219 33 21 33 C 13.800781 33 8 27.199219 8 20 C 8 12.800781 13.800781 7 21 7 Z \"><\/path>\n                <\/g>\n            <\/svg>\n            <input type=\"text\" class=\"betterdocs-search-field\" name=\"s\" placeholder=\"Suchen\" autocomplete=\"off\" value=\"\">\n            <svg class=\"docs-search-loader\" width=\"38\" height=\"38\" viewBox=\"0 0 38 38\" xmlns=\"http:\/\/www.w3.org\/2000\/svg\" stroke=\"#444b54\">\n                <g fill=\"none\" fill-rule=\"evenodd\">\n                    <g transform=\"translate(1 1)\" stroke-width=\"2\">\n                        <circle stroke-opacity=\".5\" cx=\"18\" cy=\"18\" r=\"18\" \/>\n                        <path d=\"M36 18c0-9.94-8.06-18-18-18\">\n                            <animateTransform attributeName=\"transform\" type=\"rotate\" from=\"0 18 18\" to=\"360 18 18\" dur=\"1s\" repeatCount=\"indefinite\" \/>\n                        <\/path>\n                    <\/g>\n                <\/g>\n            <\/svg>\n            <svg class=\"docs-search-close\" xmlns=\"http:\/\/www.w3.org\/2000\/svg\" width=\"38px\" viewBox=\"0 0 128 128\">\n                <path fill=\"#fff\" d=\"M64 14A50 50 0 1 0 64 114A50 50 0 1 0 64 14Z\" transform=\"rotate(-45.001 64 64.001)\"><\/path>\n                <path class=\"close-border\" d=\"M64,117c-14.2,0-27.5-5.5-37.5-15.5c-20.7-20.7-20.7-54.3,0-75C36.5,16.5,49.8,11,64,11c14.2,0,27.5,5.5,37.5,15.5c10,10,15.5,23.3,15.5,37.5s-5.5,27.5-15.5,37.5C91.5,111.5,78.2,117,64,117z M64,17c-12.6,0-24.4,4.9-33.2,13.8c-18.3,18.3-18.3,48.1,0,66.5C39.6,106.1,51.4,111,64,111c12.6,0,24.4-4.9,33.2-13.8S111,76.6,111,64s-4.9-24.4-13.8-33.2S76.6,17,64,17z\"><\/path>\n                <path class=\"close-line\" d=\"M53.4,77.6c-0.8,0-1.5-0.3-2.1-0.9c-1.2-1.2-1.2-3.1,0-4.2l21.2-21.2c1.2-1.2,3.1-1.2,4.2,0c1.2,1.2,1.2,3.1,0,4.2L55.5,76.7C54.9,77.3,54.2,77.6,53.4,77.6z\"><\/path>\n                <path class=\"close-line\" d=\"M74.6,77.6c-0.8,0-1.5-0.3-2.1-0.9L51.3,55.5c-1.2-1.2-1.2-3.1,0-4.2c1.2-1.2,3.1-1.2,4.2,0l21.2,21.2c1.2,1.2,1.2,3.1,0,4.2C76.1,77.3,75.4,77.6,74.6,77.6z\"><\/path>\n            <\/svg>\n        <\/div>\n\n                <input type=\"hidden\" value=\"Search\" class=\"betterdocs-search-submit\" \/>\n    <\/form>\n\n    <\/div>\n<\/div>\n\n\n\n<div\n    class=\"betterdocs-category-box-wrapper betterdocs-blocks-grid betterdocs-box-default betterdocs-blocks betterdocs-categorybox-swv9x5b\">\n\t<div\n        class=\"betterdocs-category-box-inner-wrapper layout-flex layout-1 betterdocs-column-3 betterdocs-column-tablet-2 betterdocs-column-mobile-1\" data-column_desktop=\"3\" data-column_tab=\"2\" data-column_mobile=\"1\">\n        \n<a\n    href=\"https:\/\/intern.heusweiler.de\/?doc_category=allgemeines\" data-id=\"10\" class=\"betterdocs-single-category-wrapper category-box default\">\n\t<div class=\"betterdocs-single-category-inner\">\n\t\t\n<div class=\"betterdocs-category-header\">\n    <div class=\"betterdocs-category-header-inner\">\n        \n<div class=\"betterdocs-category-icon\">\n    <img decoding=\"async\" alt=\"betterdocs-category-icon\" class=\"betterdocs-category-icon-img\" src=\"https:\/\/intern.heusweiler.de\/wp-content\/plugins\/betterdocs\/assets\/admin\/images\/betterdocs-cat-icon.svg?v=3.5.2\" \/><\/div>\n<h2 class=\"betterdocs-category-title\">Allgemeines<\/h2>\n<div data-count=\"4\" class=\"betterdocs-category-items-counts\">\n    <span>\n         4 articles    <\/span>\n<\/div>\n    <\/div>\n<\/div>\n\t<\/div>\n<\/a>\n\n<a\n    href=\"https:\/\/intern.heusweiler.de\/?doc_category=edv\" data-id=\"8\" class=\"betterdocs-single-category-wrapper category-box default\">\n\t<div class=\"betterdocs-single-category-inner\">\n\t\t\n<div class=\"betterdocs-category-header\">\n    <div class=\"betterdocs-category-header-inner\">\n        \n<div class=\"betterdocs-category-icon\">\n    <img decoding=\"async\" alt=\"betterdocs-category-icon\" class=\"betterdocs-category-icon-img\" src=\"https:\/\/intern.heusweiler.de\/wp-content\/plugins\/betterdocs\/assets\/admin\/images\/betterdocs-cat-icon.svg?v=3.5.2\" \/><\/div>\n<h2 class=\"betterdocs-category-title\">EDV<\/h2>\n<div data-count=\"20\" class=\"betterdocs-category-items-counts\">\n    <span>\n         20 articles    <\/span>\n<\/div>\n    <\/div>\n<\/div>\n\t<\/div>\n<\/a>\n\n<a\n    href=\"https:\/\/intern.heusweiler.de\/?doc_category=gebaeudevw\" data-id=\"7\" class=\"betterdocs-single-category-wrapper category-box default\">\n\t<div class=\"betterdocs-single-category-inner\">\n\t\t\n<div class=\"betterdocs-category-header\">\n    <div class=\"betterdocs-category-header-inner\">\n        \n<div class=\"betterdocs-category-icon\">\n    <img decoding=\"async\" alt=\"betterdocs-category-icon\" class=\"betterdocs-category-icon-img\" src=\"https:\/\/intern.heusweiler.de\/wp-content\/plugins\/betterdocs\/assets\/admin\/images\/betterdocs-cat-icon.svg?v=3.5.2\" \/><\/div>\n<h2 class=\"betterdocs-category-title\">Geb\u00e4udeverwaltung<\/h2>\n<div data-count=\"4\" class=\"betterdocs-category-items-counts\">\n    <span>\n         4 articles    <\/span>\n<\/div>\n    <\/div>\n<\/div>\n\t<\/div>\n<\/a>\n\n<a\n    href=\"https:\/\/intern.heusweiler.de\/?doc_category=personal\" data-id=\"11\" class=\"betterdocs-single-category-wrapper category-box default\">\n\t<div class=\"betterdocs-single-category-inner\">\n\t\t\n<div class=\"betterdocs-category-header\">\n    <div class=\"betterdocs-category-header-inner\">\n        \n<div class=\"betterdocs-category-icon\">\n    <img decoding=\"async\" alt=\"betterdocs-category-icon\" class=\"betterdocs-category-icon-img\" src=\"https:\/\/intern.heusweiler.de\/wp-content\/plugins\/betterdocs\/assets\/admin\/images\/betterdocs-cat-icon.svg?v=3.5.2\" \/><\/div>\n<h2 class=\"betterdocs-category-title\">Personalangelegenheiten<\/h2>\n<div data-count=\"2\" class=\"betterdocs-category-items-counts\">\n    <span>\n         2 articles    <\/span>\n<\/div>\n    <\/div>\n<\/div>\n\t<\/div>\n<\/a>\n\n<a\n    href=\"https:\/\/intern.heusweiler.de\/?doc_category=telekommunikation\" data-id=\"2\" class=\"betterdocs-single-category-wrapper category-box default\">\n\t<div class=\"betterdocs-single-category-inner\">\n\t\t\n<div class=\"betterdocs-category-header\">\n    <div class=\"betterdocs-category-header-inner\">\n        \n<div class=\"betterdocs-category-icon\">\n    <img decoding=\"async\" alt=\"betterdocs-category-icon\" class=\"betterdocs-category-icon-img\" src=\"https:\/\/intern.heusweiler.de\/wp-content\/plugins\/betterdocs\/assets\/admin\/images\/betterdocs-cat-icon.svg?v=3.5.2\" \/><\/div>\n<h2 class=\"betterdocs-category-title\">Telekommunikation<\/h2>\n<div data-count=\"3\" class=\"betterdocs-category-items-counts\">\n    <span>\n         3 articles    <\/span>\n<\/div>\n    <\/div>\n<\/div>\n\t<\/div>\n<\/a>\n\n<a\n    href=\"https:\/\/intern.heusweiler.de\/?doc_category=kontakte\" data-id=\"9\" class=\"betterdocs-single-category-wrapper category-box default\">\n\t<div class=\"betterdocs-single-category-inner\">\n\t\t\n<div class=\"betterdocs-category-header\">\n    <div class=\"betterdocs-category-header-inner\">\n        \n<div class=\"betterdocs-category-icon\">\n    <img decoding=\"async\" alt=\"betterdocs-category-icon\" class=\"betterdocs-category-icon-img\" src=\"https:\/\/intern.heusweiler.de\/wp-content\/plugins\/betterdocs\/assets\/admin\/images\/betterdocs-cat-icon.svg?v=3.5.2\" \/><\/div>\n<h2 class=\"betterdocs-category-title\">Wichtige Kontakte<\/h2>\n<div data-count=\"6\" class=\"betterdocs-category-items-counts\">\n    <span>\n         6 articles    <\/span>\n<\/div>\n    <\/div>\n<\/div>\n\t<\/div>\n<\/a>\n\n<a\n    href=\"https:\/\/intern.heusweiler.de\/?doc_category=beschaffung\" data-id=\"3\" class=\"betterdocs-single-category-wrapper category-box default\">\n\t<div class=\"betterdocs-single-category-inner\">\n\t\t\n<div class=\"betterdocs-category-header\">\n    <div class=\"betterdocs-category-header-inner\">\n        \n<div class=\"betterdocs-category-icon\">\n    <img decoding=\"async\" alt=\"betterdocs-category-icon\" class=\"betterdocs-category-icon-img\" src=\"https:\/\/intern.heusweiler.de\/wp-content\/plugins\/betterdocs\/assets\/admin\/images\/betterdocs-cat-icon.svg?v=3.5.2\" \/><\/div>\n<h2 class=\"betterdocs-category-title\">Zentrale Beschaffung<\/h2>\n<div data-count=\"4\" class=\"betterdocs-category-items-counts\">\n    <span>\n         4 articles    <\/span>\n<\/div>\n    <\/div>\n<\/div>\n\t<\/div>\n<\/a>\n\n<a\n    href=\"https:\/\/intern.heusweiler.de\/?doc_category=dienste\" data-id=\"6\" class=\"betterdocs-single-category-wrapper category-box default\">\n\t<div class=\"betterdocs-single-category-inner\">\n\t\t\n<div class=\"betterdocs-category-header\">\n    <div class=\"betterdocs-category-header-inner\">\n        \n<div class=\"betterdocs-category-icon\">\n    <img decoding=\"async\" alt=\"betterdocs-category-icon\" class=\"betterdocs-category-icon-img\" src=\"https:\/\/intern.heusweiler.de\/wp-content\/plugins\/betterdocs\/assets\/admin\/images\/betterdocs-cat-icon.svg?v=3.5.2\" \/><\/div>\n<h2 class=\"betterdocs-category-title\">Zentrale Dienste<\/h2>\n<div data-count=\"3\" class=\"betterdocs-category-items-counts\">\n    <span>\n         3 articles    <\/span>\n<\/div>\n    <\/div>\n<\/div>\n\t<\/div>\n<\/a>\n\t<\/div>\n        <div class=\"clearfix\"><\/div>\n    <\/div>\n\n\n\n\n<div class=\"betterdocs-blocks betterdocs-date-o8pmp8f betterdocs-updated-date-wrapper update-date\">Updated on Dezember 13, 2023<\/div>\n\n<div class=\"betterdocs-print-pdf betterdocs-printicon-f24l4p6\">\n    <span class=\"betterdocs-print-btn\">\n        <svg xmlns=\"http:\/\/www.w3.org\/2000\/svg\" viewBox=\"0 0 80 80\" width=\"20px\">\n            <path fill=\"#66798f\" d=\"M14 16H66V24H14z\"><\/path>\n            <path fill=\"#b0c1d4\"\n                d=\"M8,63.5c-3,0-5.5-2.5-5.5-5.5V26c0-3,2.5-5.5,5.5-5.5h64c3,0,5.5,2.5,5.5,5.5v32 c0,3-2.5,5.5-5.5,5.5H8z\">\n            <\/path>\n            <path fill=\"#66798f\"\n                d=\"M72,21c2.8,0,5,2.2,5,5v32c0,2.8-2.2,5-5,5H8c-2.8,0-5-2.2-5-5V26c0-2.8,2.2-5,5-5H72 M72,20H8 c-3.3,0-6,2.7-6,6v32c0,3.3,2.7,6,6,6h64c3.3,0,6-2.7,6-6V26C78,22.7,75.3,20,72,20L72,20z\">\n            <\/path>\n            <path fill=\"#fff\" d=\"M16.5 2.5H63.5V23.5H16.5z\"><\/path>\n            <path fill=\"#788b9c\" d=\"M63,3v20H17V3H63 M64,2H16v22h48V2L64,2z\"><\/path>\n            <path fill=\"#8bb7f0\" d=\"M22,41.5c-3,0-5.5-2.5-5.5-5.5V20.5h47V36c0,3-2.5,5.5-5.5,5.5H22z\"><\/path>\n            <path fill=\"#4e7ab5\"\n                d=\"M63,21v15c0,2.8-2.2,5-5,5H22c-2.8,0-5-2.2-5-5V21H63 M64,20H16v16c0,3.3,2.7,6,6,6h36 c3.3,0,6-2.7,6-6V20L64,20z\">\n            <\/path>\n            <path fill=\"#fff\" d=\"M16.5 50.5H63.5V77.5H16.5z\"><\/path>\n            <path fill=\"#788b9c\" d=\"M63,51v26H17V51H63 M64,50H16v28h48V50L64,50z\"><\/path>\n            <path fill=\"#d6e3ed\" d=\"M17 52H63V56H17z\"><\/path>\n            <path fill=\"#788b9c\" d=\"M26 59H54V60H26zM26 67H54V68H26z\"><\/path>\n            <g>\n                <path fill=\"#ffeea3\" d=\"M70 28A2 2 0 1 0 70 32A2 2 0 1 0 70 28Z\"><\/path>\n            <\/g>\n            <path fill=\"#66798f\"\n                d=\"M17,56v-4h46v4h2c1.7,0,3-1.3,3-3l0,0c0-1.7-1.3-3-3-3H15c-1.7,0-3,1.3-3,3l0,0c0,1.7,1.3,3,3,3H17z\">\n            <\/path>\n        <\/svg>\n    <\/span>\n<\/div>\n","protected":false},"excerpt":{"rendered":"<p>Liebe Kolleginnen und Kollegen, als Besch\u00e4ftigte\/r der Gemeinde Heusweiler werden Sie, gerade zu Beginn Ihrer T\u00e4tigkeit, mit einer Unmenge an Informationen \u00fcberh\u00e4uft. Dieses Handbuch soll Ihnen den Einstieg erleichtern und auch den etablierten Kolleginnen und Kollegen als Leitfaden dienen. Da sich gerade der Bereich EDV in stetem Wandel befindet und sich u.U. jeden Tag ein [&hellip;]<\/p>\n","protected":false},"author":1,"featured_media":0,"parent":0,"menu_order":0,"comment_status":"closed","ping_status":"closed","template":"","meta":{"_acf_changed":false,"_eb_attr":"","footnotes":""},"class_list":["post-16","page","type-page","status-publish","hentry"],"acf":[],"_links":{"self":[{"href":"https:\/\/intern.heusweiler.de\/index.php?rest_route=\/wp\/v2\/pages\/16","targetHints":{"allow":["GET"]}}],"collection":[{"href":"https:\/\/intern.heusweiler.de\/index.php?rest_route=\/wp\/v2\/pages"}],"about":[{"href":"https:\/\/intern.heusweiler.de\/index.php?rest_route=\/wp\/v2\/types\/page"}],"author":[{"embeddable":true,"href":"https:\/\/intern.heusweiler.de\/index.php?rest_route=\/wp\/v2\/users\/1"}],"replies":[{"embeddable":true,"href":"https:\/\/intern.heusweiler.de\/index.php?rest_route=%2Fwp%2Fv2%2Fcomments&post=16"}],"version-history":[{"count":5,"href":"https:\/\/intern.heusweiler.de\/index.php?rest_route=\/wp\/v2\/pages\/16\/revisions"}],"predecessor-version":[{"id":54,"href":"https:\/\/intern.heusweiler.de\/index.php?rest_route=\/wp\/v2\/pages\/16\/revisions\/54"}],"wp:attachment":[{"href":"https:\/\/intern.heusweiler.de\/index.php?rest_route=%2Fwp%2Fv2%2Fmedia&parent=16"}],"curies":[{"name":"wp","href":"https:\/\/api.w.org\/{rel}","templated":true}]}}